{"id":2125,"date":"2025-10-09T04:44:14","date_gmt":"2025-10-09T04:44:14","guid":{"rendered":"https:\/\/proartech.org\/donate\/"},"modified":"2026-04-04T23:37:15","modified_gmt":"2026-04-04T23:37:15","slug":"donar","status":"publish","type":"page","link":"https:\/\/proartech.org\/en\/donar\/","title":{"rendered":"Donar"},"content":{"rendered":"<div class=\"wp-block-uagb-container uagb-block-e56714d1 alignfull uagb-is-root-container\"><div class=\"uagb-container-inner-blocks-wrap\">\n<div class=\"wp-block-uagb-info-box uagb-block-d4034274 uagb-infobox__content-wrap  uagb-infobox-icon-above-title uagb-infobox-image-valign-top\"><div class=\"uagb-ifb-content\"><div class=\"uagb-ifb-title-wrap\"><h4 class=\"uagb-ifb-title-prefix\">Your contribution helps us develop long-term initiatives that strengthen access to art and technology in our community.<\/h4><div class=\"uagb-ifb-separator\"><\/div><h1 class=\"uagb-ifb-title\">Donations<\/h1><\/div><\/div><\/div>\n<\/div><\/div>\n\n\n\n<div class=\"wp-block-uagb-advanced-heading uagb-block-c657a5f2\"><h3 class=\"uagb-heading-text\"><strong>Select the type of donation you wish to make<\/strong><br><\/h3><\/div>\n\n\n\n<div class=\"wp-block-uagb-container uagb-block-dbe49d01 alignfull uagb-is-root-container\"><div class=\"uagb-container-inner-blocks-wrap\"><\/div><\/div>\n\n\n\n<div class=\"wp-block-uagb-container uagb-block-3e3eeaf7 alignfull uagb-is-root-container\"><div class=\"uagb-container-inner-blocks-wrap\">\n<div class=\"wp-block-uagb-container uagb-block-9ed33839\">\n<div class=\"wp-block-uagb-advanced-heading uagb-block-a479eb0a\"><h2 class=\"uagb-heading-text\">Once<\/h2><\/div>\n<a class=\"spectra-container-link-overlay\" rel=\"noopener\" href=\"https:\/\/proartech.org\/donar\/donaciones-una-vez\/\"> <\/a><\/div>\n\n\n\n<div class=\"wp-block-uagb-container uagb-block-d025f827\">\n<div class=\"wp-block-uagb-advanced-heading uagb-block-af36e6ba\"><h2 class=\"uagb-heading-text\">Annual<\/h2><\/div>\n<a class=\"spectra-container-link-overlay\" rel=\"noopener\" href=\"https:\/\/proartech.org\/donar\/donaciones-un-ano\/\"> <\/a><\/div>\n\n\n\n<div class=\"wp-block-uagb-container uagb-block-b5e5f001\">\n<div class=\"wp-block-uagb-advanced-heading uagb-block-ef1e1ffe\"><h2 class=\"uagb-heading-text\">Subscription<\/h2><\/div>\n<a class=\"spectra-container-link-overlay\" rel=\"noopener\" href=\"https:\/\/proartech.org\/donar\/suscripcion\/\"> <\/a><\/div>\n\n\n\n<div class=\"wp-block-uagb-container uagb-block-cbeee198\">\n<div class=\"wp-block-uagb-advanced-heading uagb-block-5f8d144c\"><h2 class=\"uagb-heading-text\">Immediate<\/h2><\/div>\n<a class=\"spectra-container-link-overlay\" rel=\"noopener\" href=\"https:\/\/proartech.org\/products\/donacion-inmediata\/\"> <\/a><\/div>\n<\/div><\/div>\n\n\n\n<div class=\"wp-block-uagb-container uagb-block-f558bc57 alignfull uagb-is-root-container\"><div class=\"uagb-container-inner-blocks-wrap\">\n<div class=\"wp-block-uagb-container uagb-block-994e136f\">\n<div class=\"wp-block-uagb-advanced-heading uagb-block-1fbbb47a\"><h5 class=\"uagb-heading-text\">All donations are safe and you can choose the amount.<\/h5><\/div>\n<\/div>\n\n\n\n<p class=\"has-text-align-center\"><em>Secure donations via <strong>PayPal<\/strong>. We accept credit and debit cards, including <strong>without <\/strong>account <strong>PayPal<\/strong>.<\/em><\/p>\n<\/div><\/div>\n\n\n\n<p><\/p>","protected":false},"excerpt":{"rendered":"<p>Selecciona el tipo de donaci\u00f3n que deseas realizar Una vez Anual Suscripci\u00f3n Inmediata Todas las donaciones son seguras y puedes elegir el monto. Donaciones seguras v\u00eda PayPal. Aceptamos tarjetas de cr\u00e9dito y d\u00e9bito, incluso sin cuenta PayPal.<\/p>","protected":false},"author":1,"featured_media":0,"parent":0,"menu_order":50,"comment_status":"closed","ping_status":"closed","template":"","meta":{"give_campaign_id":0,"_surecart_dashboard_logo_width":"180px","_surecart_dashboard_show_logo":true,"_surecart_dashboard_navigation_orders":true,"_surecart_dashboard_navigation_invoices":true,"_surecart_dashboard_navigation_subscriptions":true,"_surecart_dashboard_navigation_downloads":true,"_surecart_dashboard_navigation_billing":true,"_surecart_dashboard_navigation_account":true,"_uag_custom_page_level_css":"","site-sidebar-layout":"no-sidebar","site-content-layout":"page-builder","ast-site-content-layout":"full-width-container","site-content-style":"unboxed","site-sidebar-style":"unboxed","ast-global-header-display":"","ast-banner-title-visibility":"","ast-main-header-display":"","ast-hfb-above-header-display":"","ast-hfb-below-header-display":"","ast-hfb-mobile-header-display":"","site-post-title":"disabled","ast-breadcrumbs-content":"","ast-featured-img":"disabled","footer-sml-layout":"","ast-disable-related-posts":"","theme-transparent-header-meta":"","adv-header-id-meta":"","stick-header-meta":"","header-above-stick-meta":"","header-main-stick-meta":"","header-below-stick-meta":"","astra-migrate-meta-layouts":"set","ast-page-background-enabled":"default","ast-page-background-meta":{"desktop":{"background-color":"","background-image":"","background-repeat":"repeat","background-position":"center center","background-size":"auto","background-attachment":"scroll","background-type":"","background-media":"","overlay-type":"","overlay-color":"","overlay-opacity":"","overlay-gradient":""},"tablet":{"background-color":"","background-image":"","background-repeat":"repeat","background-position":"center center","background-size":"auto","background-attachment":"scroll","background-type":"","background-media":"","overlay-type":"","overlay-color":"","overlay-opacity":"","overlay-gradient":""},"mobile":{"background-color":"","background-image":"","background-repeat":"repeat","background-position":"center center","background-size":"auto","background-attachment":"scroll","background-type":"","background-media":"","overlay-type":"","overlay-color":"","overlay-opacity":"","overlay-gradient":""}},"ast-content-background-meta":{"desktop":{"background-color":"var(--ast-global-color-5)","background-image":"","background-repeat":"repeat","background-position":"center center","background-size":"auto","background-attachment":"scroll","background-type":"","background-media":"","overlay-type":"","overlay-color":"","overlay-opacity":"","overlay-gradient":""},"tablet":{"background-color":"var(--ast-global-color-5)","background-image":"","background-repeat":"repeat","background-position":"center center","background-size":"auto","background-attachment":"scroll","background-type":"","background-media":"","overlay-type":"","overlay-color":"","overlay-opacity":"","overlay-gradient":""},"mobile":{"background-color":"var(--ast-global-color-5)","background-image":"","background-repeat":"repeat","background-position":"center center","background-size":"auto","background-attachment":"scroll","background-type":"","background-media":"","overlay-type":"","overlay-color":"","overlay-opacity":"","overlay-gradient":""}},"footnotes":""},"class_list":["post-2125","page","type-page","status-publish","hentry"],"aioseo_notices":[],"yoast_head":"<!-- This site is optimized with the Yoast SEO plugin v27.4 - https:\/\/yoast.com\/product\/yoast-seo-wordpress\/ -->\n<title>Donar - Fundaci\u00f3n Pro-Arte y Tecnolog\u00eda<\/title>\n<meta name=\"robots\" content=\"index, follow, max-snippet:-1, max-image-preview:large, max-video-preview:-1\" \/>\n<link rel=\"canonical\" href=\"https:\/\/proartech.org\/en\/donar\/\" \/>\n<meta property=\"og:locale\" content=\"en_US\" \/>\n<meta property=\"og:type\" content=\"article\" \/>\n<meta property=\"og:title\" content=\"Donar - Fundaci\u00f3n Pro-Arte y Tecnolog\u00eda\" \/>\n<meta property=\"og:description\" content=\"Selecciona el tipo de donaci\u00f3n que deseas realizar Una vez Anual Suscripci\u00f3n Inmediata Todas las donaciones son seguras y puedes elegir el monto. Donaciones seguras v\u00eda PayPal. Aceptamos tarjetas de cr\u00e9dito y d\u00e9bito, incluso sin cuenta PayPal.\" \/>\n<meta property=\"og:url\" content=\"https:\/\/proartech.org\/en\/donar\/\" \/>\n<meta property=\"og:site_name\" content=\"Fundaci\u00f3n Pro-Arte y Tecnolog\u00eda\" \/>\n<meta property=\"article:modified_time\" content=\"2026-04-04T23:37:15+00:00\" \/>\n<meta name=\"twitter:card\" content=\"summary_large_image\" \/>\n<meta name=\"twitter:label1\" content=\"Est. reading time\" \/>\n\t<meta name=\"twitter:data1\" content=\"1 minute\" \/>\n<script type=\"application\/ld+json\" class=\"yoast-schema-graph\">{\"@context\":\"https:\\\/\\\/schema.org\",\"@graph\":[{\"@type\":\"WebPage\",\"@id\":\"https:\\\/\\\/proartech.org\\\/donar\\\/\",\"url\":\"https:\\\/\\\/proartech.org\\\/donar\\\/\",\"name\":\"Donar - Fundaci\u00f3n Pro-Arte y Tecnolog\u00eda\",\"isPartOf\":{\"@id\":\"https:\\\/\\\/proartech.org\\\/#website\"},\"datePublished\":\"2025-10-09T04:44:14+00:00\",\"dateModified\":\"2026-04-04T23:37:15+00:00\",\"breadcrumb\":{\"@id\":\"https:\\\/\\\/proartech.org\\\/donar\\\/#breadcrumb\"},\"inLanguage\":\"en-US\",\"potentialAction\":[{\"@type\":\"ReadAction\",\"target\":[\"https:\\\/\\\/proartech.org\\\/donar\\\/\"]}]},{\"@type\":\"BreadcrumbList\",\"@id\":\"https:\\\/\\\/proartech.org\\\/donar\\\/#breadcrumb\",\"itemListElement\":[{\"@type\":\"ListItem\",\"position\":1,\"name\":\"Home\",\"item\":\"https:\\\/\\\/proartech.org\\\/\"},{\"@type\":\"ListItem\",\"position\":2,\"name\":\"Donar\"}]},{\"@type\":\"WebSite\",\"@id\":\"https:\\\/\\\/proartech.org\\\/#website\",\"url\":\"https:\\\/\\\/proartech.org\\\/\",\"name\":\"Fundaci\u00f3n Pro-Arte y Tecnolog\u00eda\",\"description\":\"Arte y Tecnolog\u00eda desde Guatemala para el mundo\",\"publisher\":{\"@id\":\"https:\\\/\\\/proartech.org\\\/#organization\"},\"potentialAction\":[{\"@type\":\"SearchAction\",\"target\":{\"@type\":\"EntryPoint\",\"urlTemplate\":\"https:\\\/\\\/proartech.org\\\/?s={search_term_string}\"},\"query-input\":{\"@type\":\"PropertyValueSpecification\",\"valueRequired\":true,\"valueName\":\"search_term_string\"}}],\"inLanguage\":\"en-US\"},{\"@type\":\"Organization\",\"@id\":\"https:\\\/\\\/proartech.org\\\/#organization\",\"name\":\"Fundaci\u00f3n Pro-Arte y Tecnolog\u00eda\",\"url\":\"https:\\\/\\\/proartech.org\\\/\",\"logo\":{\"@type\":\"ImageObject\",\"inLanguage\":\"en-US\",\"@id\":\"https:\\\/\\\/proartech.org\\\/#\\\/schema\\\/logo\\\/image\\\/\",\"url\":\"https:\\\/\\\/proartech.org\\\/wp-content\\\/uploads\\\/2025\\\/10\\\/cropped-LogoFPAT-copia.jpg\",\"contentUrl\":\"https:\\\/\\\/proartech.org\\\/wp-content\\\/uploads\\\/2025\\\/10\\\/cropped-LogoFPAT-copia.jpg\",\"width\":600,\"height\":200,\"caption\":\"Fundaci\u00f3n Pro-Arte y Tecnolog\u00eda\"},\"image\":{\"@id\":\"https:\\\/\\\/proartech.org\\\/#\\\/schema\\\/logo\\\/image\\\/\"}}]}<\/script>\n<!-- \/ Yoast SEO plugin. -->","yoast_head_json":{"title":"Donar - Fundaci\u00f3n Pro-Arte y Tecnolog\u00eda","robots":{"index":"index","follow":"follow","max-snippet":"max-snippet:-1","max-image-preview":"max-image-preview:large","max-video-preview":"max-video-preview:-1"},"canonical":"https:\/\/proartech.org\/en\/donar\/","og_locale":"en_US","og_type":"article","og_title":"Donar - Fundaci\u00f3n Pro-Arte y Tecnolog\u00eda","og_description":"Selecciona el tipo de donaci\u00f3n que deseas realizar Una vez Anual Suscripci\u00f3n Inmediata Todas las donaciones son seguras y puedes elegir el monto. Donaciones seguras v\u00eda PayPal. Aceptamos tarjetas de cr\u00e9dito y d\u00e9bito, incluso sin cuenta PayPal.","og_url":"https:\/\/proartech.org\/en\/donar\/","og_site_name":"Fundaci\u00f3n Pro-Arte y Tecnolog\u00eda","article_modified_time":"2026-04-04T23:37:15+00:00","twitter_card":"summary_large_image","twitter_misc":{"Est. reading time":"1 minute"},"schema":{"@context":"https:\/\/schema.org","@graph":[{"@type":"WebPage","@id":"https:\/\/proartech.org\/donar\/","url":"https:\/\/proartech.org\/donar\/","name":"Donar - Fundaci\u00f3n Pro-Arte y Tecnolog\u00eda","isPartOf":{"@id":"https:\/\/proartech.org\/#website"},"datePublished":"2025-10-09T04:44:14+00:00","dateModified":"2026-04-04T23:37:15+00:00","breadcrumb":{"@id":"https:\/\/proartech.org\/donar\/#breadcrumb"},"inLanguage":"en-US","potentialAction":[{"@type":"ReadAction","target":["https:\/\/proartech.org\/donar\/"]}]},{"@type":"BreadcrumbList","@id":"https:\/\/proartech.org\/donar\/#breadcrumb","itemListElement":[{"@type":"ListItem","position":1,"name":"Home","item":"https:\/\/proartech.org\/"},{"@type":"ListItem","position":2,"name":"Donar"}]},{"@type":"WebSite","@id":"https:\/\/proartech.org\/#website","url":"https:\/\/proartech.org\/","name":"Pro-Art and Technology Foundation","description":"Arte y Tecnolog\u00eda desde Guatemala para el mundo","publisher":{"@id":"https:\/\/proartech.org\/#organization"},"potentialAction":[{"@type":"SearchAction","target":{"@type":"EntryPoint","urlTemplate":"https:\/\/proartech.org\/?s={search_term_string}"},"query-input":{"@type":"PropertyValueSpecification","valueRequired":true,"valueName":"search_term_string"}}],"inLanguage":"en-US"},{"@type":"Organization","@id":"https:\/\/proartech.org\/#organization","name":"Pro-Art and Technology Foundation","url":"https:\/\/proartech.org\/","logo":{"@type":"ImageObject","inLanguage":"en-US","@id":"https:\/\/proartech.org\/#\/schema\/logo\/image\/","url":"https:\/\/proartech.org\/wp-content\/uploads\/2025\/10\/cropped-LogoFPAT-copia.jpg","contentUrl":"https:\/\/proartech.org\/wp-content\/uploads\/2025\/10\/cropped-LogoFPAT-copia.jpg","width":600,"height":200,"caption":"Fundaci\u00f3n Pro-Arte y Tecnolog\u00eda"},"image":{"@id":"https:\/\/proartech.org\/#\/schema\/logo\/image\/"}}]}},"campaignId":"","_hostinger_reach_plugin_has_subscription_block":false,"_hostinger_reach_plugin_is_elementor":false,"uagb_featured_image_src":{"full":false,"thumbnail":false,"medium":false,"medium_large":false,"large":false,"1536x1536":false,"2048x2048":false,"trp-custom-language-flag":false,"mailpoet_newsletter_max":false,"woocommerce_thumbnail":false,"woocommerce_single":false,"woocommerce_gallery_thumbnail":false},"uagb_author_info":{"display_name":"rafagarrido@yahoo.com","author_link":"https:\/\/proartech.org\/en\/author\/rafagarridoyahoo-com\/"},"uagb_comment_info":0,"uagb_excerpt":"Selecciona el tipo de donaci\u00f3n que deseas realizar Una vez Anual Suscripci\u00f3n Inmediata Todas las donaciones son seguras y puedes elegir el monto. Donaciones seguras v\u00eda PayPal. Aceptamos tarjetas de cr\u00e9dito y d\u00e9bito, incluso sin cuenta PayPal.","_links":{"self":[{"href":"https:\/\/proartech.org\/en\/wp-json\/wp\/v2\/pages\/2125","targetHints":{"allow":["GET"]}}],"collection":[{"href":"https:\/\/proartech.org\/en\/wp-json\/wp\/v2\/pages"}],"about":[{"href":"https:\/\/proartech.org\/en\/wp-json\/wp\/v2\/types\/page"}],"author":[{"embeddable":true,"href":"https:\/\/proartech.org\/en\/wp-json\/wp\/v2\/users\/1"}],"replies":[{"embeddable":true,"href":"https:\/\/proartech.org\/en\/wp-json\/wp\/v2\/comments?post=2125"}],"version-history":[{"count":20,"href":"https:\/\/proartech.org\/en\/wp-json\/wp\/v2\/pages\/2125\/revisions"}],"predecessor-version":[{"id":6791,"href":"https:\/\/proartech.org\/en\/wp-json\/wp\/v2\/pages\/2125\/revisions\/6791"}],"wp:attachment":[{"href":"https:\/\/proartech.org\/en\/wp-json\/wp\/v2\/media?parent=2125"}],"curies":[{"name":"wp","href":"https:\/\/api.w.org\/{rel}","templated":true}]}}