{"id":6119,"date":"2026-02-05T02:08:51","date_gmt":"2026-02-05T02:08:51","guid":{"rendered":"https:\/\/proartech.org\/?page_id=6119"},"modified":"2026-02-06T01:40:25","modified_gmt":"2026-02-06T01:40:25","slug":"suscripcion","status":"publish","type":"page","link":"https:\/\/proartech.org\/en\/donar\/suscripcion\/","title":{"rendered":"Subscription"},"content":{"rendered":"<div class=\"wp-block-uagb-container uagb-block-e56714d1 alignfull uagb-is-root-container\"><div class=\"uagb-container-inner-blocks-wrap\">\n<div class=\"wp-block-uagb-info-box uagb-block-d4034274 uagb-infobox__content-wrap  uagb-infobox-icon-above-title uagb-infobox-image-valign-top\"><div class=\"uagb-ifb-content\"><div class=\"uagb-ifb-title-wrap\"><h4 class=\"uagb-ifb-title-prefix\">Tu aporte recurrente nos permite sostener programas educativos y culturales durante todo el a\u00f1o.<\/h4><div class=\"uagb-ifb-separator\"><\/div><h1 class=\"uagb-ifb-title\">Subscription<\/h1><\/div><\/div><\/div>\n<\/div><\/div>\n\n\n\n<div class=\"wp-block-uagb-container uagb-block-de4390f4 alignfull uagb-is-root-container\"><div class=\"uagb-container-inner-blocks-wrap\">\n<p class=\"has-text-align-center\">Escoge la cantidad mensual que deseas donar para suscribirte.<\/p>\n\n\n\n<div class=\"wp-block-uagb-container uagb-block-6abde877\"><div class=\"wp-block-surecart-checkout-form\"><sc-checkout\n\tclass=\"checkout\"\n\tid=\"sc-checkout-6120\"\n\tstyle=\"text-align: left;--sc-form-row-spacing: 25px;\"\n\tmodified=\"2026-03-13 01:48:31\"\n\talignment=\"\"\n\tsuccess-url=\"\"\n>\n\t<sc-form>\n\t\t\t\t\t<sc-checkbox name=\"get_feedback\" value=\"Feedback\" style=\"display: none !important;\"><\/sc-checkbox>\n\t\t\t\t\n<div class=\"wp-block-surecart-product-donation\">\n\t\t\t\t\n<div style=\"border: none;  --columns:3;  \" class=\"wp-block-surecart-product-donation-amounts\">\n\t\t\t\t<sc-choices label=\"Donaci\u00f3n mensual\" required=\"true\">\n\t\t\t\t\t\n<sc-product-donation-amount-choice class=\"wp-block-surecart-product-donation-amount\" value=\"100\" product-id=\"d0e4e37b-30b5-476b-8032-67ac86e9534b\" label=\"1\u00a0GTQ\" recurring=\"false\"><\/sc-product-donation-amount-choice>\n\n<sc-product-donation-amount-choice class=\"wp-block-surecart-product-donation-amount\" value=\"200\" product-id=\"d0e4e37b-30b5-476b-8032-67ac86e9534b\" label=\"2\u00a0GTQ\" recurring=\"false\"><\/sc-product-donation-amount-choice>\n\n<sc-product-donation-amount-choice class=\"wp-block-surecart-product-donation-amount\" value=\"500\" product-id=\"d0e4e37b-30b5-476b-8032-67ac86e9534b\" label=\"5\u00a0GTQ\" recurring=\"false\"><\/sc-product-donation-amount-choice>\n\n<sc-product-donation-amount-choice class=\"wp-block-surecart-product-donation-amount\" value=\"1000\" product-id=\"d0e4e37b-30b5-476b-8032-67ac86e9534b\" label=\"10\u00a0GTQ\" recurring=\"false\"><\/sc-product-donation-amount-choice>\n\n<sc-product-donation-amount-choice class=\"wp-block-surecart-product-donation-amount\" value=\"2000\" product-id=\"d0e4e37b-30b5-476b-8032-67ac86e9534b\" label=\"20\u00a0GTQ\" recurring=\"false\"><\/sc-product-donation-amount-choice>\n\n<sc-product-donation-amount-choice class=\"wp-block-surecart-product-donation-amount\" value=\"5000\" product-id=\"d0e4e37b-30b5-476b-8032-67ac86e9534b\" label=\"50\u00a0GTQ\" recurring=\"false\"><\/sc-product-donation-amount-choice>\n\n<sc-product-donation-amount-choice class=\"wp-block-surecart-product-donation-amount\" value=\"10000\" product-id=\"d0e4e37b-30b5-476b-8032-67ac86e9534b\" label=\"100\u00a0GTQ\" recurring=\"false\"><\/sc-product-donation-amount-choice>\n\n<sc-product-donation-amount-choice class=\"wp-block-surecart-product-donation-amount\" value=\"20000\" product-id=\"d0e4e37b-30b5-476b-8032-67ac86e9534b\" label=\"200\u00a0GTQ\" recurring=\"false\"><\/sc-product-donation-amount-choice>\n\n<sc-product-donation-amount-choice class=\"wp-block-surecart-product-donation-amount\" value=\"50000\" product-id=\"d0e4e37b-30b5-476b-8032-67ac86e9534b\" label=\"500\u00a0GTQ\" recurring=\"false\"><\/sc-product-donation-amount-choice>\n\n<sc-product-donation-custom-amount class=\"wp-block-surecart-product-donation-custom-amount\" product-id=\"d0e4e37b-30b5-476b-8032-67ac86e9534b\"><\/sc-product-donation-custom-amount>\n\n\t\t\t\t<\/sc-choices>\n\t\t\t<\/div>\n\n\n\n\t\t\t<\/div>\n\n\n<div class=\"wp-block-surecart-columns is-layout-flex wp-block-columns-is-layout-flex\">\n<div class=\"wp-block-surecart-column\">\n\t\t<sc-customer-email\n\t\t\tclass=\"\"\n\t\t\tlabel=\"Email\"\n\t\t\t\t\t\t\t\t\t\t\t\ttracking-confirmation-message=\"Tu correo se guardar\u00e1 de manera segura para enviarte confirmaci\u00f3n de tu donaci\u00f3n y recordatorios si es necesario.\"\t\t\trequired\n\t\t\tautocomplete='email'\n\t\t\tinputmode='email'\n\t\t>\n\t\t<\/sc-customer-email>\n\n\t\t<\/div>\n\n\n\n<div class=\"wp-block-surecart-column\">\n<sc-customer-name label=\"Nombre\" class=\"wp-block-surecart-name\"><\/sc-customer-name>\n<\/div>\n<\/div>\n\n\n\n\t\t<sc-payment\n\t\t\tid=\"sc-payment-0\"\n\t\t\tclass=\"\"\n\t\t>\n\t\t\t\t\t\t\t<sc-stripe-payment-element slot=\"stripe\"><\/sc-stripe-payment-element>\n\t\t\t\n\t\t\t\t\t<\/sc-payment>\n\t\t\n\n\n<sc-order-summary collapsible=\"1\" order-summary-text=\"Resumen de tu donaci\u00f3n\" invoice-summary-text=\"Resumen de Suscripci\u00f3n\" class=\"wp-block-surecart-totals\">\n<sc-divider><\/sc-divider>\n\n\n\n<sc-line-items removable=\"1\" editable=\"1\" class=\"wp-block-surecart-line-items\"><\/sc-line-items>\n\n\n\n<sc-divider><\/sc-divider>\n\n\n\n<sc-line-item-total total=\"subtotal\" class=\"wp-block-surecart-subtotal\"><span slot=\"description\">Subtotal<\/span><span slot=\"total-payments-description\">Total Installment Payments<\/span><span slot=\"first-payment-subtotal-description\">Initial Payment<\/span><\/sc-line-item-total>\n\n\n<sc-line-item-trial class=\"wp-block-surecart-trial-line-item\" label=\"Trial\"><\/sc-line-item-trial>\n\n\t\t<sc-order-coupon-form\n\t\t\tlabel=\"Add Coupon Code\"\n\t\t\tplaceholder=\"Introduce el c\u00f3digo del cup\u00f3n\"\n\t\t\tbutton-text=\"Apply Coupon\"\n\t\t\tcollapsed>\n\t\t<\/sc-order-coupon-form>\n\t\t\n\n\n<sc-line-item-tax class=\"wp-block-surecart-tax-line-item\"><\/sc-line-item-tax>\n\n\n\n<sc-divider><\/sc-divider>\n\n\n\n<sc-line-item-total total=\"total\" size=\"large\" show-currency=\"1\" class=\"wp-block-surecart-total\"><span slot=\"title\">Total<\/span><span slot=\"subscription-title\">Total Due Today<\/span><span slot=\"first-payment-total-description\">Subtotal<\/span><span slot=\"free-trial-description\">Trial<\/span><span slot=\"due-amount-description\">Amount Due<\/span><\/sc-line-item-total>\n<\/sc-order-summary>\n\n\n\t\t<sc-order-submit\n\t\t\ttype=\"primary\"\n\t\t\tfull=\"true\"\n\t\t\tsize=\"large\"\n\t\t\ticon=\"lock\"\t\t\tshow-total=\"true\"\n\t\t\tsecure-notice=\"true\"\n\t\t\tsecure-notice-text=\"\u00c1rea encriptada de pago seguro.\"\n\t\t\t\t\t\t\t\t\tclass=\"wp-block-surecart-submit\"\n\t\t>DONATE NOW<\/sc-order-submit>\n\t\t\n\t<\/sc-form>\n<\/sc-checkout>\n<\/div><\/div>\n<\/div><\/div>\n\n\n\n<p><\/p>","protected":false},"excerpt":{"rendered":"<p>Escoge la cantidad mensual que deseas donar para suscribirte.<\/p>","protected":false},"author":1,"featured_media":0,"parent":2125,"menu_order":3,"comment_status":"closed","ping_status":"closed","template":"","meta":{"give_campaign_id":0,"_surecart_dashboard_logo_width":"180px","_surecart_dashboard_show_logo":true,"_surecart_dashboard_navigation_orders":true,"_surecart_dashboard_navigation_invoices":true,"_surecart_dashboard_navigation_subscriptions":true,"_surecart_dashboard_navigation_downloads":true,"_surecart_dashboard_navigation_billing":true,"_surecart_dashboard_navigation_account":true,"_uag_custom_page_level_css":"","site-sidebar-layout":"no-sidebar","site-content-layout":"","ast-site-content-layout":"full-width-container","site-content-style":"default","site-sidebar-style":"default","ast-global-header-display":"disabled","ast-banner-title-visibility":"","ast-main-header-display":"","ast-hfb-above-header-display":"","ast-hfb-below-header-display":"","ast-hfb-mobile-header-display":"","site-post-title":"disabled","ast-breadcrumbs-content":"","ast-featured-img":"","footer-sml-layout":"disabled","ast-disable-related-posts":"","theme-transparent-header-meta":"","adv-header-id-meta":"","stick-header-meta":"","header-above-stick-meta":"","header-main-stick-meta":"","header-below-stick-meta":"","astra-migrate-meta-layouts":"set","ast-page-background-enabled":"default","ast-page-background-meta":{"desktop":{"background-color":"","background-image":"","background-repeat":"repeat","background-position":"center center","background-size":"auto","background-attachment":"scroll","background-type":"","background-media":"","overlay-type":"","overlay-color":"","overlay-opacity":"","overlay-gradient":""},"tablet":{"background-color":"","background-image":"","background-repeat":"repeat","background-position":"center center","background-size":"auto","background-attachment":"scroll","background-type":"","background-media":"","overlay-type":"","overlay-color":"","overlay-opacity":"","overlay-gradient":""},"mobile":{"background-color":"","background-image":"","background-repeat":"repeat","background-position":"center center","background-size":"auto","background-attachment":"scroll","background-type":"","background-media":"","overlay-type":"","overlay-color":"","overlay-opacity":"","overlay-gradient":""}},"ast-content-background-meta":{"desktop":{"background-color":"var(--ast-global-color-5)","background-image":"","background-repeat":"repeat","background-position":"center center","background-size":"auto","background-attachment":"scroll","background-type":"","background-media":"","overlay-type":"","overlay-color":"","overlay-opacity":"","overlay-gradient":""},"tablet":{"background-color":"var(--ast-global-color-5)","background-image":"","background-repeat":"repeat","background-position":"center center","background-size":"auto","background-attachment":"scroll","background-type":"","background-media":"","overlay-type":"","overlay-color":"","overlay-opacity":"","overlay-gradient":""},"mobile":{"background-color":"var(--ast-global-color-5)","background-image":"","background-repeat":"repeat","background-position":"center center","background-size":"auto","background-attachment":"scroll","background-type":"","background-media":"","overlay-type":"","overlay-color":"","overlay-opacity":"","overlay-gradient":""}},"footnotes":""},"class_list":["post-6119","page","type-page","status-publish","hentry"],"aioseo_notices":[],"yoast_head":"<!-- This site is optimized with the Yoast SEO plugin v27.4 - https:\/\/yoast.com\/product\/yoast-seo-wordpress\/ -->\n<title>Suscripci\u00f3n - Fundaci\u00f3n Pro-Arte y Tecnolog\u00eda<\/title>\n<meta name=\"robots\" content=\"index, follow, max-snippet:-1, max-image-preview:large, max-video-preview:-1\" \/>\n<link rel=\"canonical\" href=\"https:\/\/proartech.org\/en\/donar\/suscripcion\/\" \/>\n<meta property=\"og:locale\" content=\"en_US\" \/>\n<meta property=\"og:type\" content=\"article\" \/>\n<meta property=\"og:title\" content=\"Suscripci\u00f3n - Fundaci\u00f3n Pro-Arte y Tecnolog\u00eda\" \/>\n<meta property=\"og:description\" content=\"Escoge la cantidad mensual que deseas donar para suscribirte.\" \/>\n<meta property=\"og:url\" content=\"https:\/\/proartech.org\/en\/donar\/suscripcion\/\" \/>\n<meta property=\"og:site_name\" content=\"Fundaci\u00f3n Pro-Arte y Tecnolog\u00eda\" \/>\n<meta property=\"article:modified_time\" content=\"2026-02-06T01:40:25+00:00\" \/>\n<meta name=\"twitter:card\" content=\"summary_large_image\" \/>\n<meta name=\"twitter:label1\" content=\"Est. reading time\" \/>\n\t<meta name=\"twitter:data1\" content=\"1 minute\" \/>\n<script type=\"application\/ld+json\" class=\"yoast-schema-graph\">{\"@context\":\"https:\\\/\\\/schema.org\",\"@graph\":[{\"@type\":\"WebPage\",\"@id\":\"https:\\\/\\\/proartech.org\\\/donar\\\/suscripcion\\\/\",\"url\":\"https:\\\/\\\/proartech.org\\\/donar\\\/suscripcion\\\/\",\"name\":\"Suscripci\u00f3n - Fundaci\u00f3n Pro-Arte y Tecnolog\u00eda\",\"isPartOf\":{\"@id\":\"https:\\\/\\\/proartech.org\\\/#website\"},\"datePublished\":\"2026-02-05T02:08:51+00:00\",\"dateModified\":\"2026-02-06T01:40:25+00:00\",\"breadcrumb\":{\"@id\":\"https:\\\/\\\/proartech.org\\\/donar\\\/suscripcion\\\/#breadcrumb\"},\"inLanguage\":\"en-US\",\"potentialAction\":[{\"@type\":\"ReadAction\",\"target\":[\"https:\\\/\\\/proartech.org\\\/donar\\\/suscripcion\\\/\"]}]},{\"@type\":\"BreadcrumbList\",\"@id\":\"https:\\\/\\\/proartech.org\\\/donar\\\/suscripcion\\\/#breadcrumb\",\"itemListElement\":[{\"@type\":\"ListItem\",\"position\":1,\"name\":\"Home\",\"item\":\"https:\\\/\\\/proartech.org\\\/\"},{\"@type\":\"ListItem\",\"position\":2,\"name\":\"Donar\",\"item\":\"https:\\\/\\\/proartech.org\\\/donar\\\/\"},{\"@type\":\"ListItem\",\"position\":3,\"name\":\"Suscripci\u00f3n\"}]},{\"@type\":\"WebSite\",\"@id\":\"https:\\\/\\\/proartech.org\\\/#website\",\"url\":\"https:\\\/\\\/proartech.org\\\/\",\"name\":\"Fundaci\u00f3n Pro-Arte y Tecnolog\u00eda\",\"description\":\"Arte y Tecnolog\u00eda desde Guatemala para el mundo\",\"publisher\":{\"@id\":\"https:\\\/\\\/proartech.org\\\/#organization\"},\"potentialAction\":[{\"@type\":\"SearchAction\",\"target\":{\"@type\":\"EntryPoint\",\"urlTemplate\":\"https:\\\/\\\/proartech.org\\\/?s={search_term_string}\"},\"query-input\":{\"@type\":\"PropertyValueSpecification\",\"valueRequired\":true,\"valueName\":\"search_term_string\"}}],\"inLanguage\":\"en-US\"},{\"@type\":\"Organization\",\"@id\":\"https:\\\/\\\/proartech.org\\\/#organization\",\"name\":\"Fundaci\u00f3n Pro-Arte y Tecnolog\u00eda\",\"url\":\"https:\\\/\\\/proartech.org\\\/\",\"logo\":{\"@type\":\"ImageObject\",\"inLanguage\":\"en-US\",\"@id\":\"https:\\\/\\\/proartech.org\\\/#\\\/schema\\\/logo\\\/image\\\/\",\"url\":\"https:\\\/\\\/proartech.org\\\/wp-content\\\/uploads\\\/2025\\\/10\\\/cropped-LogoFPAT-copia.jpg\",\"contentUrl\":\"https:\\\/\\\/proartech.org\\\/wp-content\\\/uploads\\\/2025\\\/10\\\/cropped-LogoFPAT-copia.jpg\",\"width\":600,\"height\":200,\"caption\":\"Fundaci\u00f3n Pro-Arte y Tecnolog\u00eda\"},\"image\":{\"@id\":\"https:\\\/\\\/proartech.org\\\/#\\\/schema\\\/logo\\\/image\\\/\"}}]}<\/script>\n<!-- \/ Yoast SEO plugin. -->","yoast_head_json":{"title":"Suscripci\u00f3n - Fundaci\u00f3n Pro-Arte y Tecnolog\u00eda","robots":{"index":"index","follow":"follow","max-snippet":"max-snippet:-1","max-image-preview":"max-image-preview:large","max-video-preview":"max-video-preview:-1"},"canonical":"https:\/\/proartech.org\/en\/donar\/suscripcion\/","og_locale":"en_US","og_type":"article","og_title":"Suscripci\u00f3n - Fundaci\u00f3n Pro-Arte y Tecnolog\u00eda","og_description":"Escoge la cantidad mensual que deseas donar para suscribirte.","og_url":"https:\/\/proartech.org\/en\/donar\/suscripcion\/","og_site_name":"Fundaci\u00f3n Pro-Arte y Tecnolog\u00eda","article_modified_time":"2026-02-06T01:40:25+00:00","twitter_card":"summary_large_image","twitter_misc":{"Est. reading time":"1 minute"},"schema":{"@context":"https:\/\/schema.org","@graph":[{"@type":"WebPage","@id":"https:\/\/proartech.org\/donar\/suscripcion\/","url":"https:\/\/proartech.org\/donar\/suscripcion\/","name":"Suscripci\u00f3n - Fundaci\u00f3n Pro-Arte y Tecnolog\u00eda","isPartOf":{"@id":"https:\/\/proartech.org\/#website"},"datePublished":"2026-02-05T02:08:51+00:00","dateModified":"2026-02-06T01:40:25+00:00","breadcrumb":{"@id":"https:\/\/proartech.org\/donar\/suscripcion\/#breadcrumb"},"inLanguage":"en-US","potentialAction":[{"@type":"ReadAction","target":["https:\/\/proartech.org\/donar\/suscripcion\/"]}]},{"@type":"BreadcrumbList","@id":"https:\/\/proartech.org\/donar\/suscripcion\/#breadcrumb","itemListElement":[{"@type":"ListItem","position":1,"name":"Home","item":"https:\/\/proartech.org\/"},{"@type":"ListItem","position":2,"name":"Donar","item":"https:\/\/proartech.org\/donar\/"},{"@type":"ListItem","position":3,"name":"Suscripci\u00f3n"}]},{"@type":"WebSite","@id":"https:\/\/proartech.org\/#website","url":"https:\/\/proartech.org\/","name":"Pro-Art and Technology Foundation","description":"Arte y Tecnolog\u00eda desde Guatemala para el mundo","publisher":{"@id":"https:\/\/proartech.org\/#organization"},"potentialAction":[{"@type":"SearchAction","target":{"@type":"EntryPoint","urlTemplate":"https:\/\/proartech.org\/?s={search_term_string}"},"query-input":{"@type":"PropertyValueSpecification","valueRequired":true,"valueName":"search_term_string"}}],"inLanguage":"en-US"},{"@type":"Organization","@id":"https:\/\/proartech.org\/#organization","name":"Pro-Art and Technology Foundation","url":"https:\/\/proartech.org\/","logo":{"@type":"ImageObject","inLanguage":"en-US","@id":"https:\/\/proartech.org\/#\/schema\/logo\/image\/","url":"https:\/\/proartech.org\/wp-content\/uploads\/2025\/10\/cropped-LogoFPAT-copia.jpg","contentUrl":"https:\/\/proartech.org\/wp-content\/uploads\/2025\/10\/cropped-LogoFPAT-copia.jpg","width":600,"height":200,"caption":"Fundaci\u00f3n Pro-Arte y Tecnolog\u00eda"},"image":{"@id":"https:\/\/proartech.org\/#\/schema\/logo\/image\/"}}]}},"campaignId":"0","_hostinger_reach_plugin_has_subscription_block":false,"_hostinger_reach_plugin_is_elementor":false,"uagb_featured_image_src":{"full":false,"thumbnail":false,"medium":false,"medium_large":false,"large":false,"1536x1536":false,"2048x2048":false,"trp-custom-language-flag":false,"mailpoet_newsletter_max":false,"woocommerce_thumbnail":false,"woocommerce_single":false,"woocommerce_gallery_thumbnail":false},"uagb_author_info":{"display_name":"rafagarrido@yahoo.com","author_link":"https:\/\/proartech.org\/en\/author\/rafagarridoyahoo-com\/"},"uagb_comment_info":0,"uagb_excerpt":"Escoge la cantidad mensual que deseas donar para suscribirte.","_links":{"self":[{"href":"https:\/\/proartech.org\/en\/wp-json\/wp\/v2\/pages\/6119","targetHints":{"allow":["GET"]}}],"collection":[{"href":"https:\/\/proartech.org\/en\/wp-json\/wp\/v2\/pages"}],"about":[{"href":"https:\/\/proartech.org\/en\/wp-json\/wp\/v2\/types\/page"}],"author":[{"embeddable":true,"href":"https:\/\/proartech.org\/en\/wp-json\/wp\/v2\/users\/1"}],"replies":[{"embeddable":true,"href":"https:\/\/proartech.org\/en\/wp-json\/wp\/v2\/comments?post=6119"}],"version-history":[{"count":1,"href":"https:\/\/proartech.org\/en\/wp-json\/wp\/v2\/pages\/6119\/revisions"}],"predecessor-version":[{"id":6122,"href":"https:\/\/proartech.org\/en\/wp-json\/wp\/v2\/pages\/6119\/revisions\/6122"}],"up":[{"embeddable":true,"href":"https:\/\/proartech.org\/en\/wp-json\/wp\/v2\/pages\/2125"}],"wp:attachment":[{"href":"https:\/\/proartech.org\/en\/wp-json\/wp\/v2\/media?parent=6119"}],"curies":[{"name":"wp","href":"https:\/\/api.w.org\/{rel}","templated":true}]}}