{"id":6244,"date":"2026-02-11T03:42:27","date_gmt":"2026-02-11T03:42:27","guid":{"rendered":"https:\/\/proartech.org\/?page_id=6244"},"modified":"2026-03-15T23:03:24","modified_gmt":"2026-03-15T23:03:24","slug":"donaciones-economicas","status":"publish","type":"page","link":"https:\/\/proartech.org\/en\/donaciones-economicas\/","title":{"rendered":"FINANCIAL DONATIONS"},"content":{"rendered":"<div class=\"wp-block-uagb-container uagb-block-e56714d1 default uagb-is-root-container\">\n<div class=\"wp-block-uagb-info-box uagb-block-d4034274 uagb-infobox__content-wrap  uagb-infobox-icon-above-title uagb-infobox-image-valign-top\"><div class=\"uagb-ifb-content\"><div class=\"uagb-ifb-title-wrap\"><h4 class=\"uagb-ifb-title-prefix\">Every contribution, no matter the amount, generates a real impact.<\/h4><div class=\"uagb-ifb-separator\"><\/div><h1 class=\"uagb-ifb-title\">Financial Donations<\/h1><\/div><\/div><\/div>\n<\/div>\n\n\n\n<div class=\"wp-block-uagb-container uagb-block-9e80c17f alignfull uagb-is-root-container\"><div class=\"uagb-container-inner-blocks-wrap\">\n<div class=\"wp-block-uagb-container uagb-block-03987e2e\">\n<h2 class=\"wp-block-heading\">Ways to donate<\/h2>\n\n\n\n<h3 class=\"wp-block-heading\">1\ufe0f\u20e3 Online donation<\/h3>\n\n\n\n<p>You can make your donation securely through our platform.<\/p>\n\n\n\n<p>\u2714 You can choose the amount<br>\u2714 You can donate once or on a recurring basis<br>\u2714 We accept credit and debit cards<br>\u2714 You don&#039;t need a PayPal account<\/p>\n\n\n\n<p>All transactions are protected through secure payment systems.<\/p>\n<\/div>\n\n\n\n<div class=\"wp-block-uagb-container uagb-block-bcb5a122\">\n<figure class=\"wp-block-image size-full\"><img fetchpriority=\"high\" decoding=\"async\" width=\"1024\" height=\"1024\" src=\"https:\/\/proartech.org\/wp-content\/uploads\/2026\/02\/Alcancias-copia-2.png\" alt=\"alcancias copia 2\" class=\"wp-image-6256\" title=\"FINANCIAL DONATIONS\" srcset=\"https:\/\/proartech.org\/wp-content\/uploads\/2026\/02\/Alcancias-copia-2.png 1024w, https:\/\/proartech.org\/wp-content\/uploads\/2026\/02\/Alcancias-copia-2-300x300.png 300w, https:\/\/proartech.org\/wp-content\/uploads\/2026\/02\/Alcancias-copia-2-150x150.png 150w, https:\/\/proartech.org\/wp-content\/uploads\/2026\/02\/Alcancias-copia-2-768x768.png 768w\" sizes=\"(max-width: 1024px) 100vw, 1024px\" \/><\/figure>\n<\/div>\n<\/div><\/div>\n\n\n\n<div class=\"wp-block-buttons alignwide is-content-justification-center is-layout-flex wp-container-core-buttons-is-layout-a89b3969 wp-block-buttons-is-layout-flex\">\n<div class=\"wp-block-button\"><a class=\"wp-block-button__link has-text-align-center wp-element-button\" href=\"https:\/\/proartech.org\/donar\/\">DONATE ONLINE<\/a><\/div>\n<\/div>\n\n\n\n<div class=\"wp-block-uagb-container uagb-block-2951b999 alignfull uagb-is-root-container\"><div class=\"uagb-container-inner-blocks-wrap\">\n<div class=\"wp-block-uagb-container uagb-block-4bd30a94\">\n<h2 class=\"wp-block-heading\">2\ufe0f\u20e3 Bank transfer in Guatemala<\/h2>\n\n\n\n<p>If you prefer to make your donation via direct bank transfer, you can do so to the following account:<\/p>\n\n\n\n<p><strong>Bank:<\/strong> Industrial Bank<br><strong>Account name:<\/strong> Pro-Art and Technology Foundation<br><strong>Account type:<\/strong> Monetary<br><strong>Account number:<\/strong> 006-039287-5<br><strong>Currency type:<\/strong> Quetzales (GTQ)<\/p>\n\n\n\n<p>After making your transfer, you can send us the receipt to:<br>\ud83d\udce9 <a>donaciones@proartech.org<\/a><\/p>\n\n\n\n<p>This will allow us to confirm and thank you for your contribution.<\/p>\n<\/div>\n\n\n\n<div class=\"wp-block-uagb-container uagb-block-b9c6fa8f\">\n<figure class=\"wp-block-image size-full\"><img decoding=\"async\" width=\"1024\" height=\"1024\" src=\"https:\/\/proartech.org\/wp-content\/uploads\/2026\/02\/Moneda-FPAT.jpg\" alt=\"moneda fpat\" class=\"wp-image-6269\" title=\"FINANCIAL DONATIONS\" srcset=\"https:\/\/proartech.org\/wp-content\/uploads\/2026\/02\/Moneda-FPAT.jpg 1024w, https:\/\/proartech.org\/wp-content\/uploads\/2026\/02\/Moneda-FPAT-300x300.jpg 300w, https:\/\/proartech.org\/wp-content\/uploads\/2026\/02\/Moneda-FPAT-150x150.jpg 150w, https:\/\/proartech.org\/wp-content\/uploads\/2026\/02\/Moneda-FPAT-768x768.jpg 768w\" sizes=\"(max-width: 1024px) 100vw, 1024px\" \/><\/figure>\n<\/div>\n<\/div><\/div>\n\n\n\n<div class=\"wp-block-uagb-container uagb-block-19e7f582 alignfull uagb-is-root-container\"><div class=\"uagb-container-inner-blocks-wrap\">\n<div class=\"wp-block-uagb-container uagb-block-858b7b30\">\n<h2 class=\"wp-block-heading\">3\ufe0f\u20e3 Donations from abroad<\/h2>\n\n\n\n<p>If you are outside of Guatemala, you can support through:<\/p>\n\n\n\n<ul class=\"wp-block-list\">\n<li>PayPal<\/li>\n\n\n\n<li>International credit or debit cards<\/li>\n<\/ul>\n\n\n\n<p>We are working to expand our international payment options.<\/p>\n<\/div>\n\n\n\n<div class=\"wp-block-uagb-container uagb-block-1991444e\"><\/div>\n<\/div><\/div>\n\n\n\n<p><\/p>","protected":false},"excerpt":{"rendered":"<p>Formas de donar 1\ufe0f\u20e3 Donaci\u00f3n en l\u00ednea Puedes realizar tu donaci\u00f3n de forma segura a trav\u00e9s de nuestra plataforma. \u2714 Puedes elegir el monto\u2714 Puedes donar una vez o de forma recurrente\u2714 Aceptamos tarjetas de cr\u00e9dito y d\u00e9bito\u2714 No necesitas tener cuenta PayPal Todas las transacciones est\u00e1n protegidas mediante sistemas de pago seguros. 2\ufe0f\u20e3 Transferencia [&hellip;]<\/p>\n","protected":false},"author":1,"featured_media":0,"parent":0,"menu_order":0,"comment_status":"closed","ping_status":"closed","template":"","meta":{"give_campaign_id":0,"_surecart_dashboard_logo_width":"180px","_surecart_dashboard_show_logo":true,"_surecart_dashboard_navigation_orders":true,"_surecart_dashboard_navigation_invoices":true,"_surecart_dashboard_navigation_subscriptions":true,"_surecart_dashboard_navigation_downloads":true,"_surecart_dashboard_navigation_billing":true,"_surecart_dashboard_navigation_account":true,"_uag_custom_page_level_css":"","site-sidebar-layout":"default","site-content-layout":"","ast-site-content-layout":"full-width-container","site-content-style":"default","site-sidebar-style":"default","ast-global-header-display":"","ast-banner-title-visibility":"","ast-main-header-display":"","ast-hfb-above-header-display":"","ast-hfb-below-header-display":"","ast-hfb-mobile-header-display":"","site-post-title":"disabled","ast-breadcrumbs-content":"","ast-featured-img":"","footer-sml-layout":"","theme-transparent-header-meta":"","adv-header-id-meta":"","stick-header-meta":"","header-above-stick-meta":"","header-main-stick-meta":"","header-below-stick-meta":"","astra-migrate-meta-layouts":"set","ast-page-background-enabled":"default","ast-page-background-meta":{"desktop":{"background-color":"","background-image":"","background-repeat":"repeat","background-position":"center center","background-size":"auto","background-attachment":"scroll","background-type":"","background-media":"","overlay-type":"","overlay-color":"","overlay-opacity":"","overlay-gradient":""},"tablet":{"background-color":"","background-image":"","background-repeat":"repeat","background-position":"center center","background-size":"auto","background-attachment":"scroll","background-type":"","background-media":"","overlay-type":"","overlay-color":"","overlay-opacity":"","overlay-gradient":""},"mobile":{"background-color":"","background-image":"","background-repeat":"repeat","background-position":"center center","background-size":"auto","background-attachment":"scroll","background-type":"","background-media":"","overlay-type":"","overlay-color":"","overlay-opacity":"","overlay-gradient":""}},"ast-content-background-meta":{"desktop":{"background-color":"var(--ast-global-color-5)","background-image":"","background-repeat":"repeat","background-position":"center center","background-size":"auto","background-attachment":"scroll","background-type":"","background-media":"","overlay-type":"","overlay-color":"","overlay-opacity":"","overlay-gradient":""},"tablet":{"background-color":"var(--ast-global-color-5)","background-image":"","background-repeat":"repeat","background-position":"center center","background-size":"auto","background-attachment":"scroll","background-type":"","background-media":"","overlay-type":"","overlay-color":"","overlay-opacity":"","overlay-gradient":""},"mobile":{"background-color":"var(--ast-global-color-5)","background-image":"","background-repeat":"repeat","background-position":"center center","background-size":"auto","background-attachment":"scroll","background-type":"","background-media":"","overlay-type":"","overlay-color":"","overlay-opacity":"","overlay-gradient":""}},"footnotes":""},"class_list":["post-6244","page","type-page","status-publish","hentry"],"aioseo_notices":[],"yoast_head":"<!-- This site is optimized with the Yoast SEO plugin v27.4 - https:\/\/yoast.com\/product\/yoast-seo-wordpress\/ -->\n<title>DONACIONES ECONOMICAS - Fundaci\u00f3n Pro-Arte y Tecnolog\u00eda<\/title>\n<meta name=\"robots\" content=\"index, follow, max-snippet:-1, max-image-preview:large, max-video-preview:-1\" \/>\n<link rel=\"canonical\" href=\"https:\/\/proartech.org\/en\/donaciones-economicas\/\" \/>\n<meta property=\"og:locale\" content=\"en_US\" \/>\n<meta property=\"og:type\" content=\"article\" \/>\n<meta property=\"og:title\" content=\"DONACIONES ECONOMICAS - Fundaci\u00f3n Pro-Arte y Tecnolog\u00eda\" \/>\n<meta property=\"og:description\" content=\"Formas de donar 1\ufe0f\u20e3 Donaci\u00f3n en l\u00ednea Puedes realizar tu donaci\u00f3n de forma segura a trav\u00e9s de nuestra plataforma. \u2714 Puedes elegir el monto\u2714 Puedes donar una vez o de forma recurrente\u2714 Aceptamos tarjetas de cr\u00e9dito y d\u00e9bito\u2714 No necesitas tener cuenta PayPal Todas las transacciones est\u00e1n protegidas mediante sistemas de pago seguros. 2\ufe0f\u20e3 Transferencia [&hellip;]\" \/>\n<meta property=\"og:url\" content=\"https:\/\/proartech.org\/en\/donaciones-economicas\/\" \/>\n<meta property=\"og:site_name\" content=\"Fundaci\u00f3n Pro-Arte y Tecnolog\u00eda\" \/>\n<meta property=\"article:modified_time\" content=\"2026-03-15T23:03:24+00:00\" \/>\n<meta property=\"og:image\" content=\"https:\/\/proartech.org\/wp-content\/uploads\/2026\/02\/Alcancias-copia-2.png\" \/>\n\t<meta property=\"og:image:width\" content=\"1024\" \/>\n\t<meta property=\"og:image:height\" content=\"1024\" \/>\n\t<meta property=\"og:image:type\" content=\"image\/png\" \/>\n<meta name=\"twitter:card\" content=\"summary_large_image\" \/>\n<meta name=\"twitter:label1\" content=\"Est. reading time\" \/>\n\t<meta name=\"twitter:data1\" content=\"2 minutes\" \/>\n<script type=\"application\/ld+json\" class=\"yoast-schema-graph\">{\"@context\":\"https:\\\/\\\/schema.org\",\"@graph\":[{\"@type\":\"WebPage\",\"@id\":\"https:\\\/\\\/proartech.org\\\/donaciones-economicas\\\/\",\"url\":\"https:\\\/\\\/proartech.org\\\/donaciones-economicas\\\/\",\"name\":\"DONACIONES ECONOMICAS - Fundaci\u00f3n Pro-Arte y Tecnolog\u00eda\",\"isPartOf\":{\"@id\":\"https:\\\/\\\/proartech.org\\\/#website\"},\"primaryImageOfPage\":{\"@id\":\"https:\\\/\\\/proartech.org\\\/donaciones-economicas\\\/#primaryimage\"},\"image\":{\"@id\":\"https:\\\/\\\/proartech.org\\\/donaciones-economicas\\\/#primaryimage\"},\"thumbnailUrl\":\"https:\\\/\\\/proartech.org\\\/wp-content\\\/uploads\\\/2026\\\/02\\\/Alcancias-copia-2.png\",\"datePublished\":\"2026-02-11T03:42:27+00:00\",\"dateModified\":\"2026-03-15T23:03:24+00:00\",\"breadcrumb\":{\"@id\":\"https:\\\/\\\/proartech.org\\\/donaciones-economicas\\\/#breadcrumb\"},\"inLanguage\":\"en-US\",\"potentialAction\":[{\"@type\":\"ReadAction\",\"target\":[\"https:\\\/\\\/proartech.org\\\/donaciones-economicas\\\/\"]}]},{\"@type\":\"ImageObject\",\"inLanguage\":\"en-US\",\"@id\":\"https:\\\/\\\/proartech.org\\\/donaciones-economicas\\\/#primaryimage\",\"url\":\"https:\\\/\\\/proartech.org\\\/wp-content\\\/uploads\\\/2026\\\/02\\\/Alcancias-copia-2.png\",\"contentUrl\":\"https:\\\/\\\/proartech.org\\\/wp-content\\\/uploads\\\/2026\\\/02\\\/Alcancias-copia-2.png\"},{\"@type\":\"BreadcrumbList\",\"@id\":\"https:\\\/\\\/proartech.org\\\/donaciones-economicas\\\/#breadcrumb\",\"itemListElement\":[{\"@type\":\"ListItem\",\"position\":1,\"name\":\"Home\",\"item\":\"https:\\\/\\\/proartech.org\\\/\"},{\"@type\":\"ListItem\",\"position\":2,\"name\":\"DONACIONES ECONOMICAS\"}]},{\"@type\":\"WebSite\",\"@id\":\"https:\\\/\\\/proartech.org\\\/#website\",\"url\":\"https:\\\/\\\/proartech.org\\\/\",\"name\":\"Fundaci\u00f3n Pro-Arte y Tecnolog\u00eda\",\"description\":\"Arte y Tecnolog\u00eda desde Guatemala para el mundo\",\"publisher\":{\"@id\":\"https:\\\/\\\/proartech.org\\\/#organization\"},\"potentialAction\":[{\"@type\":\"SearchAction\",\"target\":{\"@type\":\"EntryPoint\",\"urlTemplate\":\"https:\\\/\\\/proartech.org\\\/?s={search_term_string}\"},\"query-input\":{\"@type\":\"PropertyValueSpecification\",\"valueRequired\":true,\"valueName\":\"search_term_string\"}}],\"inLanguage\":\"en-US\"},{\"@type\":\"Organization\",\"@id\":\"https:\\\/\\\/proartech.org\\\/#organization\",\"name\":\"Fundaci\u00f3n Pro-Arte y Tecnolog\u00eda\",\"url\":\"https:\\\/\\\/proartech.org\\\/\",\"logo\":{\"@type\":\"ImageObject\",\"inLanguage\":\"en-US\",\"@id\":\"https:\\\/\\\/proartech.org\\\/#\\\/schema\\\/logo\\\/image\\\/\",\"url\":\"https:\\\/\\\/proartech.org\\\/wp-content\\\/uploads\\\/2025\\\/10\\\/cropped-LogoFPAT-copia.jpg\",\"contentUrl\":\"https:\\\/\\\/proartech.org\\\/wp-content\\\/uploads\\\/2025\\\/10\\\/cropped-LogoFPAT-copia.jpg\",\"width\":600,\"height\":200,\"caption\":\"Fundaci\u00f3n Pro-Arte y Tecnolog\u00eda\"},\"image\":{\"@id\":\"https:\\\/\\\/proartech.org\\\/#\\\/schema\\\/logo\\\/image\\\/\"}}]}<\/script>\n<!-- \/ Yoast SEO plugin. -->","yoast_head_json":{"title":"DONACIONES ECONOMICAS - Fundaci\u00f3n Pro-Arte y Tecnolog\u00eda","robots":{"index":"index","follow":"follow","max-snippet":"max-snippet:-1","max-image-preview":"max-image-preview:large","max-video-preview":"max-video-preview:-1"},"canonical":"https:\/\/proartech.org\/en\/donaciones-economicas\/","og_locale":"en_US","og_type":"article","og_title":"DONACIONES ECONOMICAS - Fundaci\u00f3n Pro-Arte y Tecnolog\u00eda","og_description":"Formas de donar 1\ufe0f\u20e3 Donaci\u00f3n en l\u00ednea Puedes realizar tu donaci\u00f3n de forma segura a trav\u00e9s de nuestra plataforma. \u2714 Puedes elegir el monto\u2714 Puedes donar una vez o de forma recurrente\u2714 Aceptamos tarjetas de cr\u00e9dito y d\u00e9bito\u2714 No necesitas tener cuenta PayPal Todas las transacciones est\u00e1n protegidas mediante sistemas de pago seguros. 2\ufe0f\u20e3 Transferencia [&hellip;]","og_url":"https:\/\/proartech.org\/en\/donaciones-economicas\/","og_site_name":"Fundaci\u00f3n Pro-Arte y Tecnolog\u00eda","article_modified_time":"2026-03-15T23:03:24+00:00","og_image":[{"width":1024,"height":1024,"url":"https:\/\/proartech.org\/wp-content\/uploads\/2026\/02\/Alcancias-copia-2.png","type":"image\/png"}],"twitter_card":"summary_large_image","twitter_misc":{"Est. reading time":"2 minutes"},"schema":{"@context":"https:\/\/schema.org","@graph":[{"@type":"WebPage","@id":"https:\/\/proartech.org\/donaciones-economicas\/","url":"https:\/\/proartech.org\/donaciones-economicas\/","name":"DONACIONES ECONOMICAS - Fundaci\u00f3n Pro-Arte y Tecnolog\u00eda","isPartOf":{"@id":"https:\/\/proartech.org\/#website"},"primaryImageOfPage":{"@id":"https:\/\/proartech.org\/donaciones-economicas\/#primaryimage"},"image":{"@id":"https:\/\/proartech.org\/donaciones-economicas\/#primaryimage"},"thumbnailUrl":"https:\/\/proartech.org\/wp-content\/uploads\/2026\/02\/Alcancias-copia-2.png","datePublished":"2026-02-11T03:42:27+00:00","dateModified":"2026-03-15T23:03:24+00:00","breadcrumb":{"@id":"https:\/\/proartech.org\/donaciones-economicas\/#breadcrumb"},"inLanguage":"en-US","potentialAction":[{"@type":"ReadAction","target":["https:\/\/proartech.org\/donaciones-economicas\/"]}]},{"@type":"ImageObject","inLanguage":"en-US","@id":"https:\/\/proartech.org\/donaciones-economicas\/#primaryimage","url":"https:\/\/proartech.org\/wp-content\/uploads\/2026\/02\/Alcancias-copia-2.png","contentUrl":"https:\/\/proartech.org\/wp-content\/uploads\/2026\/02\/Alcancias-copia-2.png"},{"@type":"BreadcrumbList","@id":"https:\/\/proartech.org\/donaciones-economicas\/#breadcrumb","itemListElement":[{"@type":"ListItem","position":1,"name":"Home","item":"https:\/\/proartech.org\/"},{"@type":"ListItem","position":2,"name":"DONACIONES ECONOMICAS"}]},{"@type":"WebSite","@id":"https:\/\/proartech.org\/#website","url":"https:\/\/proartech.org\/","name":"Pro-Art and Technology Foundation","description":"Arte y Tecnolog\u00eda desde Guatemala para el mundo","publisher":{"@id":"https:\/\/proartech.org\/#organization"},"potentialAction":[{"@type":"SearchAction","target":{"@type":"EntryPoint","urlTemplate":"https:\/\/proartech.org\/?s={search_term_string}"},"query-input":{"@type":"PropertyValueSpecification","valueRequired":true,"valueName":"search_term_string"}}],"inLanguage":"en-US"},{"@type":"Organization","@id":"https:\/\/proartech.org\/#organization","name":"Pro-Art and Technology Foundation","url":"https:\/\/proartech.org\/","logo":{"@type":"ImageObject","inLanguage":"en-US","@id":"https:\/\/proartech.org\/#\/schema\/logo\/image\/","url":"https:\/\/proartech.org\/wp-content\/uploads\/2025\/10\/cropped-LogoFPAT-copia.jpg","contentUrl":"https:\/\/proartech.org\/wp-content\/uploads\/2025\/10\/cropped-LogoFPAT-copia.jpg","width":600,"height":200,"caption":"Fundaci\u00f3n Pro-Arte y Tecnolog\u00eda"},"image":{"@id":"https:\/\/proartech.org\/#\/schema\/logo\/image\/"}}]}},"campaignId":"0","_hostinger_reach_plugin_has_subscription_block":false,"_hostinger_reach_plugin_is_elementor":false,"uagb_featured_image_src":{"full":false,"thumbnail":false,"medium":false,"medium_large":false,"large":false,"1536x1536":false,"2048x2048":false,"trp-custom-language-flag":false,"mailpoet_newsletter_max":false,"woocommerce_thumbnail":false,"woocommerce_single":false,"woocommerce_gallery_thumbnail":false},"uagb_author_info":{"display_name":"rafagarrido@yahoo.com","author_link":"https:\/\/proartech.org\/en\/author\/rafagarridoyahoo-com\/"},"uagb_comment_info":0,"uagb_excerpt":"Formas de donar 1\ufe0f\u20e3 Donaci\u00f3n en l\u00ednea Puedes realizar tu donaci\u00f3n de forma segura a trav\u00e9s de nuestra plataforma. \u2714 Puedes elegir el monto\u2714 Puedes donar una vez o de forma recurrente\u2714 Aceptamos tarjetas de cr\u00e9dito y d\u00e9bito\u2714 No necesitas tener cuenta PayPal Todas las transacciones est\u00e1n protegidas mediante sistemas de pago seguros. 2\ufe0f\u20e3 Transferencia&hellip;","_links":{"self":[{"href":"https:\/\/proartech.org\/en\/wp-json\/wp\/v2\/pages\/6244","targetHints":{"allow":["GET"]}}],"collection":[{"href":"https:\/\/proartech.org\/en\/wp-json\/wp\/v2\/pages"}],"about":[{"href":"https:\/\/proartech.org\/en\/wp-json\/wp\/v2\/types\/page"}],"author":[{"embeddable":true,"href":"https:\/\/proartech.org\/en\/wp-json\/wp\/v2\/users\/1"}],"replies":[{"embeddable":true,"href":"https:\/\/proartech.org\/en\/wp-json\/wp\/v2\/comments?post=6244"}],"version-history":[{"count":17,"href":"https:\/\/proartech.org\/en\/wp-json\/wp\/v2\/pages\/6244\/revisions"}],"predecessor-version":[{"id":6642,"href":"https:\/\/proartech.org\/en\/wp-json\/wp\/v2\/pages\/6244\/revisions\/6642"}],"wp:attachment":[{"href":"https:\/\/proartech.org\/en\/wp-json\/wp\/v2\/media?parent=6244"}],"curies":[{"name":"wp","href":"https:\/\/api.w.org\/{rel}","templated":true}]}}