{"id":6495,"date":"2026-03-01T17:29:56","date_gmt":"2026-03-01T17:29:56","guid":{"rendered":"https:\/\/proartech.org\/?page_id=6495"},"modified":"2026-03-19T00:47:51","modified_gmt":"2026-03-19T00:47:51","slug":"alianzas-institucionales","status":"publish","type":"page","link":"https:\/\/proartech.org\/en\/alianzas-institucionales\/","title":{"rendered":"INSTITUTIONAL ALLIANCES"},"content":{"rendered":"<div class=\"wp-block-uagb-container uagb-block-e56714d1 default uagb-is-root-container\">\n<div class=\"wp-block-uagb-info-box uagb-block-d4034274 uagb-infobox__content-wrap  uagb-infobox-icon-above-title uagb-infobox-image-valign-top\"><div class=\"uagb-ifb-content\"><div class=\"uagb-ifb-title-wrap\"><h4 class=\"uagb-ifb-title-prefix\"><strong>Where knowledge is found<\/strong><\/h4><div class=\"uagb-ifb-separator\"><\/div><h1 class=\"uagb-ifb-title\">Institutional Alliances<\/h1><\/div><\/div><\/div>\n<\/div>\n\n\n\n<div class=\"wp-block-uagb-container uagb-block-069e871d alignfull uagb-is-root-container\"><div class=\"uagb-container-inner-blocks-wrap\">\n<div class=\"wp-block-uagb-container uagb-block-617e0a26\">\n<div class=\"wp-block-uagb-container uagb-block-e617b70c\">\n<p>In the Mayan tradition, learning centers were not isolated buildings. They were networks: Art, science, observation, and crafts were sustained because there was a community among those who knew and those who wanted to learn.<\/p>\n\n\n\n<p>The Pro-Art and Technology Foundation was created to rebuild that bridge in the present:<br>to combine education, creativity and technology in projects that no single institution can develop alone.<\/p>\n\n\n\n<p>That&#039;s why we&#039;re looking for allies.<\/p>\n<\/div>\n\n\n\n<div class=\"wp-block-uagb-container uagb-block-41f5997e\">\n<figure class=\"wp-block-image size-large\"><img fetchpriority=\"high\" decoding=\"async\" width=\"1024\" height=\"559\" src=\"https:\/\/proartech.org\/wp-content\/uploads\/2026\/03\/Maestro-escultor-1024x559.png\" alt=\"maestro escultor\" class=\"wp-image-6510\" style=\"aspect-ratio:1;object-fit:cover\" title=\"INSTITUTIONAL ALLIANCES\" srcset=\"https:\/\/proartech.org\/wp-content\/uploads\/2026\/03\/Maestro-escultor-1024x559.png 1024w, https:\/\/proartech.org\/wp-content\/uploads\/2026\/03\/Maestro-escultor-300x164.png 300w, https:\/\/proartech.org\/wp-content\/uploads\/2026\/03\/Maestro-escultor-768x419.png 768w, https:\/\/proartech.org\/wp-content\/uploads\/2026\/03\/Maestro-escultor-1320x720.png 1320w, https:\/\/proartech.org\/wp-content\/uploads\/2026\/03\/Maestro-escultor.png 1408w\" sizes=\"(max-width: 1024px) 100vw, 1024px\" \/><\/figure>\n<\/div>\n<\/div>\n<\/div><\/div>\n\n\n\n<div class=\"wp-block-uagb-container uagb-block-12433ca8 alignfull uagb-is-root-container\"><div class=\"uagb-container-inner-blocks-wrap\">\n<div class=\"wp-block-uagb-container uagb-block-1492c15e\">\n<p>ProArTech establishes institutional alliances with national and international organizations that contribute to the development of art, design and technology through infrastructure, knowledge, technology, collaboration networks or strategic services.<\/p>\n\n\n\n<div class=\"wp-block-uagb-advanced-heading uagb-block-693523ea\"><h2 class=\"uagb-heading-text\">Strategic collaboration to strengthen the cultural ecosystem<br><\/h2><\/div>\n\n\n\n<p>Institutional alliances do not follow a predetermined pattern. They are structured on a case-by-case basis, under principles of mutual benefit and institutional coherence.<\/p>\n<\/div>\n\n\n\n<div class=\"wp-block-uagb-container uagb-block-8f505957\">\n<div class=\"wp-block-uagb-advanced-heading uagb-block-e8ee2f0b\"><h2 class=\"uagb-heading-text\">What might an alliance entail?<\/h2><\/div>\n\n\n\n<ul class=\"wp-block-list\">\n<li>Transfer or shared use of spaces<\/li>\n\n\n\n<li>Technological equipment or specialized licenses<\/li>\n\n\n\n<li>Academic or technical training<\/li>\n\n\n\n<li>International Linkages<\/li>\n\n\n\n<li>Strategic professional services<\/li>\n\n\n\n<li>Media coverage and projection<\/li>\n<\/ul>\n\n\n\n<p>Each partnership is evaluated based on its actual impact on strengthening the ProArTech Lab and the Jaguar Fund.<\/p>\n<\/div>\n<\/div><\/div>","protected":false},"excerpt":{"rendered":"<p>En la tradici\u00f3n maya, los centros de aprendizaje no eran edificios aislados. Eran redes: Arte, ciencia, observaci\u00f3n y oficio se sosten\u00edan porque exist\u00eda comunidad entre quienes sab\u00edan y quienes quer\u00edan aprender. Fundaci\u00f3n Pro-Arte y Tecnolog\u00eda nace para reconstruir ese puente en el presente:unir educaci\u00f3n, creatividad y tecnolog\u00eda en proyectos que ninguna instituci\u00f3n puede desarrollar sola. [&hellip;]<\/p>\n","protected":false},"author":1,"featured_media":0,"parent":0,"menu_order":0,"comment_status":"closed","ping_status":"closed","template":"","meta":{"give_campaign_id":0,"_surecart_dashboard_logo_width":"180px","_surecart_dashboard_show_logo":true,"_surecart_dashboard_navigation_orders":true,"_surecart_dashboard_navigation_invoices":true,"_surecart_dashboard_navigation_subscriptions":true,"_surecart_dashboard_navigation_downloads":true,"_surecart_dashboard_navigation_billing":true,"_surecart_dashboard_navigation_account":true,"_uag_custom_page_level_css":"","site-sidebar-layout":"no-sidebar","site-content-layout":"","ast-site-content-layout":"full-width-container","site-content-style":"default","site-sidebar-style":"default","ast-global-header-display":"","ast-banner-title-visibility":"","ast-main-header-display":"","ast-hfb-above-header-display":"","ast-hfb-below-header-display":"","ast-hfb-mobile-header-display":"","site-post-title":"disabled","ast-breadcrumbs-content":"","ast-featured-img":"","footer-sml-layout":"","theme-transparent-header-meta":"","adv-header-id-meta":"","stick-header-meta":"","header-above-stick-meta":"","header-main-stick-meta":"","header-below-stick-meta":"","astra-migrate-meta-layouts":"set","ast-page-background-enabled":"default","ast-page-background-meta":{"desktop":{"background-color":"","background-image":"","background-repeat":"repeat","background-position":"center center","background-size":"auto","background-attachment":"scroll","background-type":"","background-media":"","overlay-type":"","overlay-color":"","overlay-opacity":"","overlay-gradient":""},"tablet":{"background-color":"","background-image":"","background-repeat":"repeat","background-position":"center center","background-size":"auto","background-attachment":"scroll","background-type":"","background-media":"","overlay-type":"","overlay-color":"","overlay-opacity":"","overlay-gradient":""},"mobile":{"background-color":"","background-image":"","background-repeat":"repeat","background-position":"center center","background-size":"auto","background-attachment":"scroll","background-type":"","background-media":"","overlay-type":"","overlay-color":"","overlay-opacity":"","overlay-gradient":""}},"ast-content-background-meta":{"desktop":{"background-color":"var(--ast-global-color-5)","background-image":"","background-repeat":"repeat","background-position":"center center","background-size":"auto","background-attachment":"scroll","background-type":"","background-media":"","overlay-type":"","overlay-color":"","overlay-opacity":"","overlay-gradient":""},"tablet":{"background-color":"var(--ast-global-color-5)","background-image":"","background-repeat":"repeat","background-position":"center center","background-size":"auto","background-attachment":"scroll","background-type":"","background-media":"","overlay-type":"","overlay-color":"","overlay-opacity":"","overlay-gradient":""},"mobile":{"background-color":"var(--ast-global-color-5)","background-image":"","background-repeat":"repeat","background-position":"center center","background-size":"auto","background-attachment":"scroll","background-type":"","background-media":"","overlay-type":"","overlay-color":"","overlay-opacity":"","overlay-gradient":""}},"footnotes":""},"class_list":["post-6495","page","type-page","status-publish","hentry"],"aioseo_notices":[],"yoast_head":"<!-- This site is optimized with the Yoast SEO plugin v27.4 - https:\/\/yoast.com\/product\/yoast-seo-wordpress\/ -->\n<title>ALIANZAS INSTITUCIONALES - Fundaci\u00f3n Pro-Arte y Tecnolog\u00eda<\/title>\n<meta name=\"robots\" content=\"index, follow, max-snippet:-1, max-image-preview:large, max-video-preview:-1\" \/>\n<link rel=\"canonical\" href=\"https:\/\/proartech.org\/en\/alianzas-institucionales\/\" \/>\n<meta property=\"og:locale\" content=\"en_US\" \/>\n<meta property=\"og:type\" content=\"article\" \/>\n<meta property=\"og:title\" content=\"ALIANZAS INSTITUCIONALES - Fundaci\u00f3n Pro-Arte y Tecnolog\u00eda\" \/>\n<meta property=\"og:description\" content=\"En la tradici\u00f3n maya, los centros de aprendizaje no eran edificios aislados. Eran redes: Arte, ciencia, observaci\u00f3n y oficio se sosten\u00edan porque exist\u00eda comunidad entre quienes sab\u00edan y quienes quer\u00edan aprender. Fundaci\u00f3n Pro-Arte y Tecnolog\u00eda nace para reconstruir ese puente en el presente:unir educaci\u00f3n, creatividad y tecnolog\u00eda en proyectos que ninguna instituci\u00f3n puede desarrollar sola. [&hellip;]\" \/>\n<meta property=\"og:url\" content=\"https:\/\/proartech.org\/en\/alianzas-institucionales\/\" \/>\n<meta property=\"og:site_name\" content=\"Fundaci\u00f3n Pro-Arte y Tecnolog\u00eda\" \/>\n<meta property=\"article:modified_time\" content=\"2026-03-19T00:47:51+00:00\" \/>\n<meta property=\"og:image\" content=\"https:\/\/proartech.org\/wp-content\/uploads\/2026\/03\/Maestro-escultor-1024x559.png\" \/>\n\t<meta property=\"og:image:width\" content=\"1024\" \/>\n\t<meta property=\"og:image:height\" content=\"559\" \/>\n\t<meta property=\"og:image:type\" content=\"image\/png\" \/>\n<meta name=\"twitter:card\" content=\"summary_large_image\" \/>\n<meta name=\"twitter:label1\" content=\"Est. reading time\" \/>\n\t<meta name=\"twitter:data1\" content=\"1 minute\" \/>\n<script type=\"application\/ld+json\" class=\"yoast-schema-graph\">{\"@context\":\"https:\\\/\\\/schema.org\",\"@graph\":[{\"@type\":\"WebPage\",\"@id\":\"https:\\\/\\\/proartech.org\\\/alianzas-institucionales\\\/\",\"url\":\"https:\\\/\\\/proartech.org\\\/alianzas-institucionales\\\/\",\"name\":\"ALIANZAS INSTITUCIONALES - Fundaci\u00f3n Pro-Arte y Tecnolog\u00eda\",\"isPartOf\":{\"@id\":\"https:\\\/\\\/proartech.org\\\/#website\"},\"primaryImageOfPage\":{\"@id\":\"https:\\\/\\\/proartech.org\\\/alianzas-institucionales\\\/#primaryimage\"},\"image\":{\"@id\":\"https:\\\/\\\/proartech.org\\\/alianzas-institucionales\\\/#primaryimage\"},\"thumbnailUrl\":\"https:\\\/\\\/proartech.org\\\/wp-content\\\/uploads\\\/2026\\\/03\\\/Maestro-escultor-1024x559.png\",\"datePublished\":\"2026-03-01T17:29:56+00:00\",\"dateModified\":\"2026-03-19T00:47:51+00:00\",\"breadcrumb\":{\"@id\":\"https:\\\/\\\/proartech.org\\\/alianzas-institucionales\\\/#breadcrumb\"},\"inLanguage\":\"en-US\",\"potentialAction\":[{\"@type\":\"ReadAction\",\"target\":[\"https:\\\/\\\/proartech.org\\\/alianzas-institucionales\\\/\"]}]},{\"@type\":\"ImageObject\",\"inLanguage\":\"en-US\",\"@id\":\"https:\\\/\\\/proartech.org\\\/alianzas-institucionales\\\/#primaryimage\",\"url\":\"https:\\\/\\\/proartech.org\\\/wp-content\\\/uploads\\\/2026\\\/03\\\/Maestro-escultor-1024x559.png\",\"contentUrl\":\"https:\\\/\\\/proartech.org\\\/wp-content\\\/uploads\\\/2026\\\/03\\\/Maestro-escultor-1024x559.png\"},{\"@type\":\"BreadcrumbList\",\"@id\":\"https:\\\/\\\/proartech.org\\\/alianzas-institucionales\\\/#breadcrumb\",\"itemListElement\":[{\"@type\":\"ListItem\",\"position\":1,\"name\":\"Home\",\"item\":\"https:\\\/\\\/proartech.org\\\/\"},{\"@type\":\"ListItem\",\"position\":2,\"name\":\"ALIANZAS INSTITUCIONALES\"}]},{\"@type\":\"WebSite\",\"@id\":\"https:\\\/\\\/proartech.org\\\/#website\",\"url\":\"https:\\\/\\\/proartech.org\\\/\",\"name\":\"Fundaci\u00f3n Pro-Arte y Tecnolog\u00eda\",\"description\":\"Arte y Tecnolog\u00eda desde Guatemala para el mundo\",\"publisher\":{\"@id\":\"https:\\\/\\\/proartech.org\\\/#organization\"},\"potentialAction\":[{\"@type\":\"SearchAction\",\"target\":{\"@type\":\"EntryPoint\",\"urlTemplate\":\"https:\\\/\\\/proartech.org\\\/?s={search_term_string}\"},\"query-input\":{\"@type\":\"PropertyValueSpecification\",\"valueRequired\":true,\"valueName\":\"search_term_string\"}}],\"inLanguage\":\"en-US\"},{\"@type\":\"Organization\",\"@id\":\"https:\\\/\\\/proartech.org\\\/#organization\",\"name\":\"Fundaci\u00f3n Pro-Arte y Tecnolog\u00eda\",\"url\":\"https:\\\/\\\/proartech.org\\\/\",\"logo\":{\"@type\":\"ImageObject\",\"inLanguage\":\"en-US\",\"@id\":\"https:\\\/\\\/proartech.org\\\/#\\\/schema\\\/logo\\\/image\\\/\",\"url\":\"https:\\\/\\\/proartech.org\\\/wp-content\\\/uploads\\\/2025\\\/10\\\/cropped-LogoFPAT-copia.jpg\",\"contentUrl\":\"https:\\\/\\\/proartech.org\\\/wp-content\\\/uploads\\\/2025\\\/10\\\/cropped-LogoFPAT-copia.jpg\",\"width\":600,\"height\":200,\"caption\":\"Fundaci\u00f3n Pro-Arte y Tecnolog\u00eda\"},\"image\":{\"@id\":\"https:\\\/\\\/proartech.org\\\/#\\\/schema\\\/logo\\\/image\\\/\"}}]}<\/script>\n<!-- \/ Yoast SEO plugin. -->","yoast_head_json":{"title":"ALIANZAS INSTITUCIONALES - Fundaci\u00f3n Pro-Arte y Tecnolog\u00eda","robots":{"index":"index","follow":"follow","max-snippet":"max-snippet:-1","max-image-preview":"max-image-preview:large","max-video-preview":"max-video-preview:-1"},"canonical":"https:\/\/proartech.org\/en\/alianzas-institucionales\/","og_locale":"en_US","og_type":"article","og_title":"ALIANZAS INSTITUCIONALES - Fundaci\u00f3n Pro-Arte y Tecnolog\u00eda","og_description":"En la tradici\u00f3n maya, los centros de aprendizaje no eran edificios aislados. Eran redes: Arte, ciencia, observaci\u00f3n y oficio se sosten\u00edan porque exist\u00eda comunidad entre quienes sab\u00edan y quienes quer\u00edan aprender. Fundaci\u00f3n Pro-Arte y Tecnolog\u00eda nace para reconstruir ese puente en el presente:unir educaci\u00f3n, creatividad y tecnolog\u00eda en proyectos que ninguna instituci\u00f3n puede desarrollar sola. [&hellip;]","og_url":"https:\/\/proartech.org\/en\/alianzas-institucionales\/","og_site_name":"Fundaci\u00f3n Pro-Arte y Tecnolog\u00eda","article_modified_time":"2026-03-19T00:47:51+00:00","og_image":[{"width":1024,"height":559,"url":"https:\/\/proartech.org\/wp-content\/uploads\/2026\/03\/Maestro-escultor-1024x559.png","type":"image\/png"}],"twitter_card":"summary_large_image","twitter_misc":{"Est. reading time":"1 minute"},"schema":{"@context":"https:\/\/schema.org","@graph":[{"@type":"WebPage","@id":"https:\/\/proartech.org\/alianzas-institucionales\/","url":"https:\/\/proartech.org\/alianzas-institucionales\/","name":"ALIANZAS INSTITUCIONALES - Fundaci\u00f3n Pro-Arte y Tecnolog\u00eda","isPartOf":{"@id":"https:\/\/proartech.org\/#website"},"primaryImageOfPage":{"@id":"https:\/\/proartech.org\/alianzas-institucionales\/#primaryimage"},"image":{"@id":"https:\/\/proartech.org\/alianzas-institucionales\/#primaryimage"},"thumbnailUrl":"https:\/\/proartech.org\/wp-content\/uploads\/2026\/03\/Maestro-escultor-1024x559.png","datePublished":"2026-03-01T17:29:56+00:00","dateModified":"2026-03-19T00:47:51+00:00","breadcrumb":{"@id":"https:\/\/proartech.org\/alianzas-institucionales\/#breadcrumb"},"inLanguage":"en-US","potentialAction":[{"@type":"ReadAction","target":["https:\/\/proartech.org\/alianzas-institucionales\/"]}]},{"@type":"ImageObject","inLanguage":"en-US","@id":"https:\/\/proartech.org\/alianzas-institucionales\/#primaryimage","url":"https:\/\/proartech.org\/wp-content\/uploads\/2026\/03\/Maestro-escultor-1024x559.png","contentUrl":"https:\/\/proartech.org\/wp-content\/uploads\/2026\/03\/Maestro-escultor-1024x559.png"},{"@type":"BreadcrumbList","@id":"https:\/\/proartech.org\/alianzas-institucionales\/#breadcrumb","itemListElement":[{"@type":"ListItem","position":1,"name":"Home","item":"https:\/\/proartech.org\/"},{"@type":"ListItem","position":2,"name":"ALIANZAS INSTITUCIONALES"}]},{"@type":"WebSite","@id":"https:\/\/proartech.org\/#website","url":"https:\/\/proartech.org\/","name":"Pro-Art and Technology Foundation","description":"Arte y Tecnolog\u00eda desde Guatemala para el mundo","publisher":{"@id":"https:\/\/proartech.org\/#organization"},"potentialAction":[{"@type":"SearchAction","target":{"@type":"EntryPoint","urlTemplate":"https:\/\/proartech.org\/?s={search_term_string}"},"query-input":{"@type":"PropertyValueSpecification","valueRequired":true,"valueName":"search_term_string"}}],"inLanguage":"en-US"},{"@type":"Organization","@id":"https:\/\/proartech.org\/#organization","name":"Pro-Art and Technology Foundation","url":"https:\/\/proartech.org\/","logo":{"@type":"ImageObject","inLanguage":"en-US","@id":"https:\/\/proartech.org\/#\/schema\/logo\/image\/","url":"https:\/\/proartech.org\/wp-content\/uploads\/2025\/10\/cropped-LogoFPAT-copia.jpg","contentUrl":"https:\/\/proartech.org\/wp-content\/uploads\/2025\/10\/cropped-LogoFPAT-copia.jpg","width":600,"height":200,"caption":"Fundaci\u00f3n Pro-Arte y Tecnolog\u00eda"},"image":{"@id":"https:\/\/proartech.org\/#\/schema\/logo\/image\/"}}]}},"campaignId":"0","_hostinger_reach_plugin_has_subscription_block":false,"_hostinger_reach_plugin_is_elementor":false,"uagb_featured_image_src":{"full":false,"thumbnail":false,"medium":false,"medium_large":false,"large":false,"1536x1536":false,"2048x2048":false,"trp-custom-language-flag":false,"mailpoet_newsletter_max":false,"woocommerce_thumbnail":false,"woocommerce_single":false,"woocommerce_gallery_thumbnail":false},"uagb_author_info":{"display_name":"rafagarrido@yahoo.com","author_link":"https:\/\/proartech.org\/en\/author\/rafagarridoyahoo-com\/"},"uagb_comment_info":0,"uagb_excerpt":"En la tradici\u00f3n maya, los centros de aprendizaje no eran edificios aislados. Eran redes: Arte, ciencia, observaci\u00f3n y oficio se sosten\u00edan porque exist\u00eda comunidad entre quienes sab\u00edan y quienes quer\u00edan aprender. Fundaci\u00f3n Pro-Arte y Tecnolog\u00eda nace para reconstruir ese puente en el presente:unir educaci\u00f3n, creatividad y tecnolog\u00eda en proyectos que ninguna instituci\u00f3n puede desarrollar sola.&hellip;","_links":{"self":[{"href":"https:\/\/proartech.org\/en\/wp-json\/wp\/v2\/pages\/6495","targetHints":{"allow":["GET"]}}],"collection":[{"href":"https:\/\/proartech.org\/en\/wp-json\/wp\/v2\/pages"}],"about":[{"href":"https:\/\/proartech.org\/en\/wp-json\/wp\/v2\/types\/page"}],"author":[{"embeddable":true,"href":"https:\/\/proartech.org\/en\/wp-json\/wp\/v2\/users\/1"}],"replies":[{"embeddable":true,"href":"https:\/\/proartech.org\/en\/wp-json\/wp\/v2\/comments?post=6495"}],"version-history":[{"count":15,"href":"https:\/\/proartech.org\/en\/wp-json\/wp\/v2\/pages\/6495\/revisions"}],"predecessor-version":[{"id":6725,"href":"https:\/\/proartech.org\/en\/wp-json\/wp\/v2\/pages\/6495\/revisions\/6725"}],"wp:attachment":[{"href":"https:\/\/proartech.org\/en\/wp-json\/wp\/v2\/media?parent=6495"}],"curies":[{"name":"wp","href":"https:\/\/api.w.org\/{rel}","templated":true}]}}